{"id":10485,"date":"2023-04-25T09:50:26","date_gmt":"2023-04-25T07:50:26","guid":{"rendered":"http:\/\/bbi-biotech.com\/shop\/manueller-handprobennehmer-disposable\/"},"modified":"2025-06-05T15:28:22","modified_gmt":"2025-06-05T13:28:22","slug":"manueller-handprobennehmer-disposable","status":"publish","type":"product","link":"https:\/\/bbi-biotech.com\/en\/artikel\/manueller-handprobennehmer-disposable\/","title":{"rendered":"Manueller Handprobennehmer (disposable)"},"content":{"rendered":"<ul>\n<li>Zur Entnahme von Proben aus dem Kulturgef\u00e4\u00df<\/li>\n<li>F\u00fcr Proben bis zu 20 ml (je nach Gr\u00f6\u00dfe der angeschlossenen Probenspritze)<\/li>\n<li>Wird an das Ernterohr des Bioreaktors angeschlossen<\/li>\n<li>Eine Kontamination des Mediums innerhalb des Gef\u00e4\u00dfes ist ausgeschlossen, da die einmal entnommene Probe durch das eingebaute R\u00fcckschlagventil nicht zur\u00fcck gedr\u00fcckt werden kann<\/li>\n<li>Das System ist autoklavierbar<\/li>\n<li>Abbildungen \u00e4hnlich<\/li>\n<\/ul>\n","protected":false},"excerpt":{"rendered":"<p>Zur Entnahme von Proben aus dem Kulturgef\u00e4\u00df F\u00fcr Proben bis zu 20 ml (je nach Gr\u00f6\u00dfe der angeschlossenen Probenspritze) Wird an das Ernterohr des Bioreaktors angeschlossen Eine Kontamination des Mediums innerhalb des Gef\u00e4\u00dfes ist ausgeschlossen, da die einmal entnommene Probe durch das eingebaute R\u00fcckschlagventil nicht zur\u00fcck gedr\u00fcckt werden kann Das System ist autoklavierbar Abbildungen \u00e4hnlich<\/p>\n","protected":false},"featured_media":18283,"template":"","meta":{"_acf_changed":false},"product_brand":[],"product_cat":[141,139],"product_tag":[],"class_list":{"0":"post-10485","1":"product","2":"type-product","3":"status-publish","4":"has-post-thumbnail","6":"product_cat-manual-sampling","7":"product_cat-sampling","9":"first","10":"instock","11":"shipping-taxable","12":"purchasable","13":"product-type-simple"},"acf":[],"_links":{"self":[{"href":"https:\/\/bbi-biotech.com\/en\/wp-json\/wp\/v2\/product\/10485","targetHints":{"allow":["GET"]}}],"collection":[{"href":"https:\/\/bbi-biotech.com\/en\/wp-json\/wp\/v2\/product"}],"about":[{"href":"https:\/\/bbi-biotech.com\/en\/wp-json\/wp\/v2\/types\/product"}],"wp:featuredmedia":[{"embeddable":true,"href":"https:\/\/bbi-biotech.com\/en\/wp-json\/wp\/v2\/media\/18283"}],"wp:attachment":[{"href":"https:\/\/bbi-biotech.com\/en\/wp-json\/wp\/v2\/media?parent=10485"}],"wp:term":[{"taxonomy":"product_brand","embeddable":true,"href":"https:\/\/bbi-biotech.com\/en\/wp-json\/wp\/v2\/product_brand?post=10485"},{"taxonomy":"product_cat","embeddable":true,"href":"https:\/\/bbi-biotech.com\/en\/wp-json\/wp\/v2\/product_cat?post=10485"},{"taxonomy":"product_tag","embeddable":true,"href":"https:\/\/bbi-biotech.com\/en\/wp-json\/wp\/v2\/product_tag?post=10485"}],"curies":[{"name":"wp","href":"https:\/\/api.w.org\/{rel}","templated":true}]}}