{"id":10477,"date":"2023-04-25T09:50:29","date_gmt":"2023-04-25T07:50:29","guid":{"rendered":"http:\/\/bbi-biotech.com\/shop\/universal-abluftstutzen-6-4\/"},"modified":"2024-07-13T12:57:44","modified_gmt":"2024-07-13T10:57:44","slug":"universal-abluftstutzen-6-4","status":"publish","type":"product","link":"https:\/\/bbi-biotech.com\/en\/artikel\/universal-abluftstutzen-6-4\/","title":{"rendered":"Universal adapter 6-4"},"content":{"rendered":"<ul>\n<li>To connect corrective solution supply or to remove exhaust from culture vessel<\/li>\n<li>Installation in \u00d8 11 mm- lid port<\/li>\n<li>Hose nozzle (outside of the vessel) \u00d8 = 6 mm<\/li>\n<li>Hose nozzle (inside of the vessel) \u00d8 = 4 mm<\/li>\n<li>Also available as universal adapter with hose noozles \u00d8 = 8 mm<\/li>\n<\/ul>\n","protected":false},"excerpt":{"rendered":"<p>To connect corrective solution supply or to remove exhaust from culture vessel Installation in \u00d8 11 mm- lid port Hose nozzle (outside of the vessel) \u00d8 = 6 mm Hose nozzle (inside of the vessel) \u00d8 = 4 mm Also available as universal adapter with hose noozles \u00d8 = 8 mm<\/p>\n","protected":false},"featured_media":15119,"template":"","meta":{"_acf_changed":false},"product_brand":[],"product_cat":[104,105],"product_tag":[],"class_list":{"0":"post-10477","1":"product","2":"type-product","3":"status-publish","4":"has-post-thumbnail","6":"product_cat-exhaust","7":"product_cat-exhaust-fittings","9":"first","10":"instock","11":"shipping-taxable","12":"purchasable","13":"product-type-simple"},"acf":[],"_links":{"self":[{"href":"https:\/\/bbi-biotech.com\/en\/wp-json\/wp\/v2\/product\/10477","targetHints":{"allow":["GET"]}}],"collection":[{"href":"https:\/\/bbi-biotech.com\/en\/wp-json\/wp\/v2\/product"}],"about":[{"href":"https:\/\/bbi-biotech.com\/en\/wp-json\/wp\/v2\/types\/product"}],"wp:featuredmedia":[{"embeddable":true,"href":"https:\/\/bbi-biotech.com\/en\/wp-json\/wp\/v2\/media\/15119"}],"wp:attachment":[{"href":"https:\/\/bbi-biotech.com\/en\/wp-json\/wp\/v2\/media?parent=10477"}],"wp:term":[{"taxonomy":"product_brand","embeddable":true,"href":"https:\/\/bbi-biotech.com\/en\/wp-json\/wp\/v2\/product_brand?post=10477"},{"taxonomy":"product_cat","embeddable":true,"href":"https:\/\/bbi-biotech.com\/en\/wp-json\/wp\/v2\/product_cat?post=10477"},{"taxonomy":"product_tag","embeddable":true,"href":"https:\/\/bbi-biotech.com\/en\/wp-json\/wp\/v2\/product_tag?post=10477"}],"curies":[{"name":"wp","href":"https:\/\/api.w.org\/{rel}","templated":true}]}}