{"id":1996,"date":"2023-08-23T11:39:41","date_gmt":"2023-08-23T09:39:41","guid":{"rendered":"http:\/\/bbi-biotech.com\/?page_id=1996"},"modified":"2023-08-23T17:32:47","modified_gmt":"2023-08-23T15:32:47","slug":"exhibitions-conferences-retrospectives","status":"publish","type":"page","link":"https:\/\/bbi-biotech.com\/en\/exhibitions-conferences-retrospectives\/","title":{"rendered":"Exhibitions &amp; Conferences \u2013 Retrospectives"},"content":{"rendered":"\n<h2 class=\"wp-block-heading\">Exhibitions &amp; Conferences 2017<\/h2>\n\n\n\n<div class=\"wp-block-group is-vertical is-layout-flex wp-container-core-group-is-layout-fe9cc265 wp-block-group-is-layout-flex\">\n<h3 class=\"wp-block-heading\">10.Bundesalgenstammtisch 2017<\/h3>\n\n\n\n<p>bbi-biotech presented at 10. Bundesalgenstammtisch in the St\u00e4ndehaus in Merseburg the new xCUBIO phar spirale \u2013 the smallest tubular photobioreactor in the world \u2013 now with 4 or 8 separately adjustable LED wave lengths. Special highlight \u2013 the customer himself can determine, with which wave lengths his xCUBIO phar photobioreactor will be equipped.<\/p>\n\n\n\n<div class=\"wp-block-columns is-layout-flex wp-container-core-columns-is-layout-28f84493 wp-block-columns-is-layout-flex\">\n<div class=\"wp-block-column is-layout-flow wp-block-column-is-layout-flow\"><div class=\"wp-block-image\">\n<figure class=\"aligncenter size-full\"><img decoding=\"async\" width=\"300\" height=\"169\" data-src=\"http:\/\/bbi-biotech.com\/wp-content\/uploads\/2023\/08\/bundesalgenstammtisch_2017_1-300x169-2.jpg\" alt=\"\" class=\"wp-image-1715 lazyload\" src=\"data:image\/svg+xml;base64,PHN2ZyB3aWR0aD0iMSIgaGVpZ2h0PSIxIiB4bWxucz0iaHR0cDovL3d3dy53My5vcmcvMjAwMC9zdmciPjwvc3ZnPg==\" style=\"--smush-placeholder-width: 300px; --smush-placeholder-aspect-ratio: 300\/169;\" \/><\/figure>\n<\/div><\/div>\n\n\n\n<div class=\"wp-block-column is-layout-flow wp-block-column-is-layout-flow\"><div class=\"wp-block-image\">\n<figure class=\"aligncenter size-full\"><img decoding=\"async\" width=\"300\" height=\"169\" data-src=\"http:\/\/bbi-biotech.com\/wp-content\/uploads\/2023\/08\/bundesalgenstammtisch_2017_3-300x169-2.jpg\" alt=\"\" class=\"wp-image-1717 lazyload\" src=\"data:image\/svg+xml;base64,PHN2ZyB3aWR0aD0iMSIgaGVpZ2h0PSIxIiB4bWxucz0iaHR0cDovL3d3dy53My5vcmcvMjAwMC9zdmciPjwvc3ZnPg==\" style=\"--smush-placeholder-width: 300px; --smush-placeholder-aspect-ratio: 300\/169;\" \/><\/figure>\n<\/div><\/div>\n\n\n\n<div class=\"wp-block-column is-vertically-aligned-center is-layout-flow wp-block-column-is-layout-flow\">\n<figure class=\"wp-block-image size-full\"><img decoding=\"async\" width=\"169\" height=\"300\" data-src=\"http:\/\/bbi-biotech.com\/wp-content\/uploads\/2023\/08\/bundesalgenstammtisch_2017_2-169x300-2.jpg\" alt=\"\" class=\"wp-image-1719 lazyload\" src=\"data:image\/svg+xml;base64,PHN2ZyB3aWR0aD0iMSIgaGVpZ2h0PSIxIiB4bWxucz0iaHR0cDovL3d3dy53My5vcmcvMjAwMC9zdmciPjwvc3ZnPg==\" style=\"--smush-placeholder-width: 169px; --smush-placeholder-aspect-ratio: 169\/300;\" \/><\/figure>\n<\/div>\n<\/div>\n<\/div>\n\n\n\n<h2 class=\"wp-block-heading\">Exhibitions &amp; Conferences 2016<\/h2>\n\n\n\n<div class=\"wp-block-group is-vertical is-layout-flex wp-container-core-group-is-layout-fe9cc265 wp-block-group-is-layout-flex\">\n<h3 class=\"wp-block-heading\">Visit us at Analytica 2016, 10.-13.Mai, Messe Munich \u2013 We show xCUBIO multi, xCUBIO in-situ, xCUBIO phar, bioPROBE and multiSAM!<\/h3>\n\n\n\n<div class=\"wp-block-columns is-layout-flex wp-container-core-columns-is-layout-28f84493 wp-block-columns-is-layout-flex\">\n<div class=\"wp-block-column is-layout-flow wp-block-column-is-layout-flow\">\n<figure class=\"wp-block-image size-full\"><img decoding=\"async\" width=\"300\" height=\"200\" data-src=\"http:\/\/bbi-biotech.com\/wp-content\/uploads\/2023\/08\/Logo-Analytica-300x200-2.png\" alt=\"\" class=\"wp-image-1724 lazyload\" src=\"data:image\/svg+xml;base64,PHN2ZyB3aWR0aD0iMSIgaGVpZ2h0PSIxIiB4bWxucz0iaHR0cDovL3d3dy53My5vcmcvMjAwMC9zdmciPjwvc3ZnPg==\" style=\"--smush-placeholder-width: 300px; --smush-placeholder-aspect-ratio: 300\/200;\" \/><\/figure>\n<\/div>\n\n\n\n<div class=\"wp-block-column is-layout-flow wp-block-column-is-layout-flow\">\n<p>We look forward to welcome you from Mai 10th to 13th on the Analytica 2016 at the Munich Fairground, Germany, <strong>in Hall A3, booth 325<\/strong>. Discover the novel bioreactor concept xCUBIO multi with its central operating terminal and let yourself get introduced into our unrivalled sampling system bioPROBE, connected to the novel Autosampler multiSAM. Feel free to discuss your ideas with our experts and check the opportunities of our biotech products.<\/p>\n<\/div>\n<\/div>\n<\/div>\n\n\n\n<h2 class=\"wp-block-heading\">Exhibitions &amp; Conferences 2014<\/h2>\n\n\n\n<div class=\"wp-block-group is-vertical is-layout-flex wp-container-core-group-is-layout-fe9cc265 wp-block-group-is-layout-flex\">\n<h3 class=\"wp-block-heading\">Wir stellen aus: Probenahme bioPROBE und Probenhandlingsystem orbitSAM: 11.09. -12.09.2014 in der Musik- und Kongresshalle, L\u00fcbeck<\/h3>\n\n\n\n<div class=\"wp-block-columns is-layout-flex wp-container-core-columns-is-layout-28f84493 wp-block-columns-is-layout-flex\">\n<div class=\"wp-block-column is-layout-flow wp-block-column-is-layout-flow\"><div class=\"wp-block-image\">\n<figure class=\"alignleft size-full is-resized\"><img decoding=\"async\" data-src=\"http:\/\/bbi-biotech.com\/wp-content\/uploads\/2023\/08\/orbitSAM-mit-bioPROBE-Probenhandling-1.jpg\" alt=\"\" class=\"wp-image-1754 lazyload\" style=\"--smush-placeholder-width: 176px; --smush-placeholder-aspect-ratio: 176\/176;width:176px;height:176px\" width=\"176\" height=\"176\" data-srcset=\"https:\/\/bbi-biotech.com\/wp-content\/uploads\/2023\/08\/orbitSAM-mit-bioPROBE-Probenhandling-1.jpg 450w, https:\/\/bbi-biotech.com\/wp-content\/uploads\/2023\/08\/orbitSAM-mit-bioPROBE-Probenhandling-1-300x300.jpg 300w, https:\/\/bbi-biotech.com\/wp-content\/uploads\/2023\/08\/orbitSAM-mit-bioPROBE-Probenhandling-1-150x150.jpg 150w, https:\/\/bbi-biotech.com\/wp-content\/uploads\/2023\/08\/orbitSAM-mit-bioPROBE-Probenhandling-1-324x324.jpg 324w, https:\/\/bbi-biotech.com\/wp-content\/uploads\/2023\/08\/orbitSAM-mit-bioPROBE-Probenhandling-1-416x416.jpg 416w, https:\/\/bbi-biotech.com\/wp-content\/uploads\/2023\/08\/orbitSAM-mit-bioPROBE-Probenhandling-1-100x100.jpg 100w\" data-sizes=\"(max-width: 176px) 100vw, 176px\" src=\"data:image\/svg+xml;base64,PHN2ZyB3aWR0aD0iMSIgaGVpZ2h0PSIxIiB4bWxucz0iaHR0cDovL3d3dy53My5vcmcvMjAwMC9zdmciPjwvc3ZnPg==\" \/><figcaption class=\"wp-element-caption\">orbitSAM mit bioPROBE Probennahme und Probenhandling<\/figcaption><\/figure>\n<\/div><\/div>\n\n\n\n<div class=\"wp-block-column is-layout-flow wp-block-column-is-layout-flow\">\n<p>Die L\u00fcbecker Fraunhofer Einrichtung Marine Biotechnologie l\u00e4dt mit Unterst\u00fctzung der Norgenta Norddeutsche Life Science Agentur GmbH zum 5. Kongress f\u00fcr Industrielle Zelltechnik am 11.09. und 12.09.2014 in der Musik- und Kongresshalle L\u00fcbeck ein. Dieses Jahr werden im Fokus des Kongresses M\u00f6glichkeiten f\u00fcr die Massenproduktion von Zellen in <a href=\"https:\/\/bbi-biotech.com\/produkte\/fermenter-bioreaktoren\/\">Bioreaktoren<\/a> stehen, aber auch die Nutzung von Zellen und Zellinhaltsstoffen (Rohstoff Zelle) als eines der modernen nachhaltigen Produktionsverfahren.<\/p>\n<\/div>\n<\/div>\n\n\n\n<p>Auf dem Stand von <a href=\"http:\/\/www.baacklab.de\/\">Baacklab<\/a> stellen wir unseren Beitrag zum Gelingen der industriellen Zellkultur vor. Mit <a href=\"https:\/\/bbi-biotech.com\/produkte\/probenahme-probenhandling\/bioprobe-single\/\">bioPROBE<\/a> und der patentierten Sondentechnologie k\u00f6nnen vollautomatisch, totvolumenfrei und 100% steril Proben aus Fermentern und Bioreaktoren jeden Types genommen werden, w\u00e4hrend das Handlingsystem <a href=\"https:\/\/bbi-biotech.com\/produkte\/probenahme-probenhandling\/orbitsam\/\">orbitSAM<\/a> die Probenlagerung f\u00fcr die weitere Analytik \u00fcbernimmt. Besuchen Sie uns auf dem Stand von Baacklab und lassen Sie sich die Systeme vorf\u00fchren!<\/p>\n<\/div>\n\n\n\n<p> <\/p>\n\n\n\n<div class=\"wp-block-group is-vertical is-layout-flex wp-container-core-group-is-layout-fe9cc265 wp-block-group-is-layout-flex\">\n<h3 class=\"wp-block-heading\">Our automatic sampling system at the BioTech 2014: 4. &amp; 5. September in Zurich, Switzerland<\/h3>\n\n\n\n<p><a href=\"https:\/\/bbi-biotech.com\/service\/news\/mit-xcubio-bioreaktoren-und-dem-neuen-autosampler-multisam-auf-der-analytica-2016-halle-a3-stand-325\/\">CEO Bernd-Ulrich Wilhelm presents our <\/a><a rel=\"noreferrer noopener\" href=\"https:\/\/bbi-biotech.com\/en\/produkte\/probenahme-probenhandling\/\" target=\"_blank\">automatic sterile sampling system bioPROBE<\/a> with a lecture and an additional workshop at this year\u2019s BioTech Chemical Sensors Forum on Bioprocess Analytics and Sensor Technology. The Forum happens on September 4th and 5th at the Campus Gr\u00fcenetal of the Zurich University of Applied Sciences in W\u00e4denswil, Switzerland.<\/p>\n\n\n\n<h4 class=\"wp-block-heading\">New prospects for process control<\/h4>\n\n\n\n<div class=\"wp-block-columns is-layout-flex wp-container-core-columns-is-layout-28f84493 wp-block-columns-is-layout-flex\">\n<div class=\"wp-block-column is-vertically-aligned-center is-layout-flow wp-block-column-is-layout-flow\">\n<figure class=\"wp-block-image size-full\"><img decoding=\"async\" width=\"300\" height=\"200\" data-src=\"http:\/\/bbi-biotech.com\/wp-content\/uploads\/2023\/08\/Probenahme-bioPROBE-300x200-1.jpg\" alt=\"\" class=\"wp-image-1772 lazyload\" src=\"data:image\/svg+xml;base64,PHN2ZyB3aWR0aD0iMSIgaGVpZ2h0PSIxIiB4bWxucz0iaHR0cDovL3d3dy53My5vcmcvMjAwMC9zdmciPjwvc3ZnPg==\" style=\"--smush-placeholder-width: 300px; --smush-placeholder-aspect-ratio: 300\/200;\" \/><\/figure>\n<\/div>\n\n\n\n<div class=\"wp-block-column is-layout-flow wp-block-column-is-layout-flow\">\n<p>Mr. Wilhelm presents our sampling system <strong>bioPROBE<\/strong> within his lecture, titled \u201cNew prospects for process control using universal sampling systems\u201d, and demonstrates the unique opportunities of this innovative system. The <strong>bioPROBE<\/strong> allows <strong>sterile<\/strong> and <strong>automated sampling<\/strong> of even <strong>smallest<\/strong> samples from <a rel=\"noreferrer noopener\" href=\"https:\/\/bbi-biotech.com\/en\/produkte\/fermenter-bioreaktoren\/\" target=\"_blank\">bioreactors and fermenters<\/a> of any type without the presence of any operating staff. Sampling processes are possible even on weekend, during holiday or during overnight cultivations without additional security issues or increased expenditure on personnel.<\/p>\n<\/div>\n<\/div>\n\n\n\n<p>In addition, Mr. Wilhelm will present <strong>bioPROBE<\/strong>\u2018s different opportunities on sampling handling. Next to the central process of simple sampling into cutomer\u2019s collecting vessels from 5 up to 50 ml, <strong>bioPROBE<\/strong> can be combined with our sample <strong>cooling device coolSAM<\/strong> for storage and fixation of the sample. Another opportunity is the <strong>orbitSAM fraction collector<\/strong> for increased sample numbers. Even <strong>atline-analyses<\/strong> can be realized with the complete control technology of the <strong>bioPROBE<\/strong>, e.g. the sample transfer to automatic cytometers like the vi-cell from Beckman Coulter.<\/p>\n\n\n\n<p>We look forward to your visit at this conference and your interesting questions. Please find more information on program, venue and registration on the conference\u2019s website <a href=\"http:\/\/www.biotech2014.ch\/\">www.biotech2014.ch<\/a>.<\/p>\n\n\n\n<h4 class=\"wp-block-heading\">Update from the happening<\/h4>\n\n\n\n<figure class=\"wp-block-image size-full\"><img decoding=\"async\" width=\"918\" height=\"636\" data-src=\"http:\/\/bbi-biotech.com\/wp-content\/uploads\/2023\/08\/Bernd-Ulrich-Wilhem-CEO-bbi-biotech-sampling-systems-and-innovative-opportunities-2.jpg\" alt=\"\" class=\"wp-image-1778 lazyload\" data-srcset=\"https:\/\/bbi-biotech.com\/wp-content\/uploads\/2023\/08\/Bernd-Ulrich-Wilhem-CEO-bbi-biotech-sampling-systems-and-innovative-opportunities-2.jpg 918w, https:\/\/bbi-biotech.com\/wp-content\/uploads\/2023\/08\/Bernd-Ulrich-Wilhem-CEO-bbi-biotech-sampling-systems-and-innovative-opportunities-2-300x208.jpg 300w, https:\/\/bbi-biotech.com\/wp-content\/uploads\/2023\/08\/Bernd-Ulrich-Wilhem-CEO-bbi-biotech-sampling-systems-and-innovative-opportunities-2-768x532.jpg 768w, https:\/\/bbi-biotech.com\/wp-content\/uploads\/2023\/08\/Bernd-Ulrich-Wilhem-CEO-bbi-biotech-sampling-systems-and-innovative-opportunities-2-416x288.jpg 416w\" data-sizes=\"(max-width: 918px) 100vw, 918px\" src=\"data:image\/svg+xml;base64,PHN2ZyB3aWR0aD0iMSIgaGVpZ2h0PSIxIiB4bWxucz0iaHR0cDovL3d3dy53My5vcmcvMjAwMC9zdmciPjwvc3ZnPg==\" style=\"--smush-placeholder-width: 918px; --smush-placeholder-aspect-ratio: 918\/636;\" \/><figcaption class=\"wp-element-caption\">B.-U. Wilhelm at the end of his lecture. Thanks to Mr. Tillich from Finesse.<\/figcaption><\/figure>\n<\/div>\n\n\n\n<h2 class=\"wp-block-heading\">Exhibitions &amp; Conferences 2012<\/h2>\n\n\n\n<div class=\"wp-block-columns is-layout-flex wp-container-core-columns-is-layout-28f84493 wp-block-columns-is-layout-flex\">\n<div class=\"wp-block-column is-vertically-aligned-center is-layout-flow wp-block-column-is-layout-flow\"><div class=\"wp-block-image\">\n<figure class=\"alignleft size-full\"><img decoding=\"async\" width=\"300\" height=\"200\" data-src=\"http:\/\/bbi-biotech.com\/wp-content\/uploads\/2023\/08\/Logo-Analytica-300x200-3.png\" alt=\"\" class=\"wp-image-1799 lazyload\" src=\"data:image\/svg+xml;base64,PHN2ZyB3aWR0aD0iMSIgaGVpZ2h0PSIxIiB4bWxucz0iaHR0cDovL3d3dy53My5vcmcvMjAwMC9zdmciPjwvc3ZnPg==\" style=\"--smush-placeholder-width: 300px; --smush-placeholder-aspect-ratio: 300\/200;\" \/><\/figure>\n<\/div><\/div>\n\n\n\n<div class=\"wp-block-column is-layout-flow wp-block-column-is-layout-flow\">\n<h3 class=\"wp-block-heading\"><strong>Analytica<\/strong><\/h3>\n\n\n\n<p>Our distributor Armin Baack presented our sampling system <a href=\"https:\/\/bbi-biotech.com\/en\/produkte\/probenahme-probenhandling\/\">bioPROBE MK1 <\/a>at his booth.<\/p>\n<\/div>\n<\/div>\n\n\n\n<h2 class=\"wp-block-heading\">Exhibition &amp; Conferences 2011<\/h2>\n\n\n\n<div class=\"wp-block-columns is-layout-flex wp-container-core-columns-is-layout-28f84493 wp-block-columns-is-layout-flex\">\n<div class=\"wp-block-column is-layout-flow wp-block-column-is-layout-flow\"><div class=\"wp-block-image\">\n<figure class=\"alignleft size-full\"><img decoding=\"async\" width=\"300\" height=\"200\" data-src=\"http:\/\/bbi-biotech.com\/wp-content\/uploads\/2023\/08\/Logo-Biotechnica-300x200-1.png\" alt=\"\" class=\"wp-image-1817 lazyload\" src=\"data:image\/svg+xml;base64,PHN2ZyB3aWR0aD0iMSIgaGVpZ2h0PSIxIiB4bWxucz0iaHR0cDovL3d3dy53My5vcmcvMjAwMC9zdmciPjwvc3ZnPg==\" style=\"--smush-placeholder-width: 300px; --smush-placeholder-aspect-ratio: 300\/200;\" \/><\/figure>\n<\/div><\/div>\n\n\n\n<div class=\"wp-block-column is-layout-flow wp-block-column-is-layout-flow\">\n<h3 class=\"wp-block-heading\"><strong>Biotechnica<\/strong><\/h3>\n\n\n\n<p>Our distributor Armin Baack presented our sampling system <a href=\"https:\/\/bbi-biotech.com\/en\/produkte\/probenahme-probenhandling\/\">bioPROBE MK1<\/a> at his booth.<\/p>\n<\/div>\n<\/div>\n\n\n\n<h2 class=\"wp-block-heading\">Exhibition &amp; Conferences 2010<\/h2>\n\n\n\n<div class=\"wp-block-columns is-layout-flex wp-container-core-columns-is-layout-28f84493 wp-block-columns-is-layout-flex\">\n<div class=\"wp-block-column is-layout-flow wp-block-column-is-layout-flow\"><div class=\"wp-block-image\">\n<figure class=\"alignleft size-full\"><img decoding=\"async\" width=\"300\" height=\"200\" data-src=\"http:\/\/bbi-biotech.com\/wp-content\/uploads\/2023\/08\/Logo-Analytica-300x200-4.png\" alt=\"\" class=\"wp-image-1824 lazyload\" src=\"data:image\/svg+xml;base64,PHN2ZyB3aWR0aD0iMSIgaGVpZ2h0PSIxIiB4bWxucz0iaHR0cDovL3d3dy53My5vcmcvMjAwMC9zdmciPjwvc3ZnPg==\" style=\"--smush-placeholder-width: 300px; --smush-placeholder-aspect-ratio: 300\/200;\" \/><\/figure>\n<\/div><\/div>\n\n\n\n<div class=\"wp-block-column is-layout-flow wp-block-column-is-layout-flow\">\n<h3 class=\"wp-block-heading\"><strong>Analytica<\/strong><\/h3>\n\n\n\n<p>Presentation of our sampling system <a href=\"https:\/\/bbi-biotech.com\/en\/produkte\/probenahme-probenhandling\/\">bioPROBE MK1<\/a> and cooling sample collector coolSAM at the pavilion Germany of the Bundesministeriums f\u00fcr Wirtschaft \u201emade in Germany\u201c.<\/p>\n<\/div>\n<\/div>\n\n\n\n<div class=\"wp-block-columns is-layout-flex wp-container-core-columns-is-layout-28f84493 wp-block-columns-is-layout-flex\">\n<div class=\"wp-block-column is-layout-flow wp-block-column-is-layout-flow\"><div class=\"wp-block-image\">\n<figure class=\"alignleft size-full\"><img decoding=\"async\" width=\"300\" height=\"200\" data-src=\"http:\/\/bbi-biotech.com\/wp-content\/uploads\/2023\/08\/Logo-Dechema-300x200-1.png\" alt=\"\" class=\"wp-image-1827 lazyload\" src=\"data:image\/svg+xml;base64,PHN2ZyB3aWR0aD0iMSIgaGVpZ2h0PSIxIiB4bWxucz0iaHR0cDovL3d3dy53My5vcmcvMjAwMC9zdmciPjwvc3ZnPg==\" style=\"--smush-placeholder-width: 300px; --smush-placeholder-aspect-ratio: 300\/200;\" \/><\/figure>\n<\/div><\/div>\n\n\n\n<div class=\"wp-block-column is-layout-flow wp-block-column-is-layout-flow\">\n<h3 class=\"wp-block-heading\"><strong>Dechema Vortrags- und Diskussionstagung \u201eBioprozessorientiertes Anlagendesign\u201c<\/strong><\/h3>\n\n\n\n<p>bbi-biotech articlePoster presentation: \u201eUniversales, vollautomatisches Probenahmesystem f\u00fcr Bioreaktoren\u201c<\/p>\n<\/div>\n<\/div>\n\n\n\n<h2 class=\"wp-block-heading\">Exhibition &amp; Conferences 2009<\/h2>\n\n\n\n<div class=\"wp-block-columns is-layout-flex wp-container-core-columns-is-layout-28f84493 wp-block-columns-is-layout-flex\">\n<div class=\"wp-block-column is-layout-flow wp-block-column-is-layout-flow\"><div class=\"wp-block-image\">\n<figure class=\"alignleft size-full\"><img decoding=\"async\" width=\"300\" height=\"200\" data-src=\"http:\/\/bbi-biotech.com\/wp-content\/uploads\/2023\/08\/Logo-Achema-300x200-1.png\" alt=\"\" class=\"wp-image-1835 lazyload\" src=\"data:image\/svg+xml;base64,PHN2ZyB3aWR0aD0iMSIgaGVpZ2h0PSIxIiB4bWxucz0iaHR0cDovL3d3dy53My5vcmcvMjAwMC9zdmciPjwvc3ZnPg==\" style=\"--smush-placeholder-width: 300px; --smush-placeholder-aspect-ratio: 300\/200;\" \/><\/figure>\n<\/div><\/div>\n\n\n\n<div class=\"wp-block-column is-layout-flow wp-block-column-is-layout-flow\">\n<h3 class=\"wp-block-heading\"><strong>Achema<\/strong><\/h3>\n\n\n\n<p>Presentation of a prototype of the sampling system<\/p>\n<\/div>\n<\/div>\n\n\n\n<div class=\"wp-block-columns is-layout-flex wp-container-core-columns-is-layout-28f84493 wp-block-columns-is-layout-flex\">\n<div class=\"wp-block-column is-vertically-aligned-center is-layout-flow wp-block-column-is-layout-flow\"><div class=\"wp-block-image\">\n<figure class=\"alignleft size-full\"><img decoding=\"async\" width=\"300\" height=\"200\" data-src=\"http:\/\/bbi-biotech.com\/wp-content\/uploads\/2023\/08\/Logo-Biotechnica-300x200-2.png\" alt=\"\" class=\"wp-image-1839 lazyload\" src=\"data:image\/svg+xml;base64,PHN2ZyB3aWR0aD0iMSIgaGVpZ2h0PSIxIiB4bWxucz0iaHR0cDovL3d3dy53My5vcmcvMjAwMC9zdmciPjwvc3ZnPg==\" style=\"--smush-placeholder-width: 300px; --smush-placeholder-aspect-ratio: 300\/200;\" \/><\/figure>\n<\/div><\/div>\n\n\n\n<div class=\"wp-block-column is-layout-flow wp-block-column-is-layout-flow\">\n<h3 class=\"wp-block-heading\"><strong>Biotechnica<\/strong><\/h3>\n\n\n\n<p>Presentation of sampling device and possible connections to analytical devices and applications<\/p>\n<\/div>\n<\/div>\n\n\n\n<div class=\"wp-block-columns is-layout-flex wp-container-core-columns-is-layout-28f84493 wp-block-columns-is-layout-flex\">\n<div class=\"wp-block-column is-vertically-aligned-center is-layout-flow wp-block-column-is-layout-flow\"><div class=\"wp-block-image\">\n<figure class=\"alignleft size-full\"><img decoding=\"async\" width=\"300\" height=\"200\" data-src=\"http:\/\/bbi-biotech.com\/wp-content\/uploads\/2023\/08\/Logo-TU-Berlin-300x200-1.png\" alt=\"\" class=\"wp-image-1843 lazyload\" src=\"data:image\/svg+xml;base64,PHN2ZyB3aWR0aD0iMSIgaGVpZ2h0PSIxIiB4bWxucz0iaHR0cDovL3d3dy53My5vcmcvMjAwMC9zdmciPjwvc3ZnPg==\" style=\"--smush-placeholder-width: 300px; --smush-placeholder-aspect-ratio: 300\/200;\" \/><\/figure>\n<\/div><\/div>\n\n\n\n<div class=\"wp-block-column is-layout-flow wp-block-column-is-layout-flow\">\n<h3 class=\"wp-block-heading\"><strong>Technische Universit\u00e4t Berlin Symposium<\/strong><\/h3>\n\n\n\n<p>\u201cPAT \u2013 new possibilities by universal sampling devices\u201d<\/p>\n<\/div>\n<\/div>\n","protected":false},"excerpt":{"rendered":"<p>Exhibitions &amp; Conferences 2017 10.Bundesalgenstammtisch 2017 bbi-biotech presented at 10. Bundesalgenstammtisch in the St\u00e4ndehaus in Merseburg the new xCUBIO phar spirale \u2013 the smallest tubular photobioreactor in the world \u2013 now with 4 or 8 separately adjustable LED wave lengths. Special highlight \u2013 the customer himself can determine, with which wave lengths his xCUBIO phar [&hellip;]<\/p>\n","protected":false},"author":1,"featured_media":0,"parent":0,"menu_order":0,"comment_status":"closed","ping_status":"closed","template":"","meta":{"_acf_changed":false,"footnotes":""},"class_list":["post-1996","page","type-page","status-publish","hentry"],"acf":[],"_links":{"self":[{"href":"https:\/\/bbi-biotech.com\/en\/wp-json\/wp\/v2\/pages\/1996","targetHints":{"allow":["GET"]}}],"collection":[{"href":"https:\/\/bbi-biotech.com\/en\/wp-json\/wp\/v2\/pages"}],"about":[{"href":"https:\/\/bbi-biotech.com\/en\/wp-json\/wp\/v2\/types\/page"}],"author":[{"embeddable":true,"href":"https:\/\/bbi-biotech.com\/en\/wp-json\/wp\/v2\/users\/1"}],"replies":[{"embeddable":true,"href":"https:\/\/bbi-biotech.com\/en\/wp-json\/wp\/v2\/comments?post=1996"}],"version-history":[{"count":0,"href":"https:\/\/bbi-biotech.com\/en\/wp-json\/wp\/v2\/pages\/1996\/revisions"}],"wp:attachment":[{"href":"https:\/\/bbi-biotech.com\/en\/wp-json\/wp\/v2\/media?parent=1996"}],"curies":[{"name":"wp","href":"https:\/\/api.w.org\/{rel}","templated":true}]}}